{"id":258,"date":"2018-01-22T10:17:40","date_gmt":"2018-01-22T14:17:40","guid":{"rendered":"http:\/\/ayuntamiento.o\/transparencia\/?page_id=258"},"modified":"2021-09-07T23:38:20","modified_gmt":"2021-09-08T03:38:20","slug":"responsable-de-acceso-a-la-informacion","status":"publish","type":"page","link":"https:\/\/ayuntamientovillaisabela.gob.do\/transparencia\/responsable-de-acceso-a-la-informacion\/","title":{"rendered":"Responsable de Acceso a la Informaci\u00f3n"},"content":{"rendered":"<h4><span style=\"font-size: 18pt;color: #0000ff\"><strong>Responsable de Acceso a la Informaci\u00f3n (RAI)<\/strong><\/span><\/h4>\n<p style=\"padding-left: 30px\"><span style=\"font-size: 18pt\">Solanyi S\u00e1nchez<\/span><\/p>\n<p style=\"padding-left: 30px\"><strong><span style=\"font-size: 18pt\">N\u00famero de Tel\u00e9fono: <\/span><\/strong><\/p>\n<p style=\"padding-left: 30px\"><span style=\"font-size: 18pt\">809-589-7858\u00a0829-467-0721.<\/span><\/p>\n<p style=\"padding-left: 30px\"><strong><span style=\"font-size: 18pt\">Correo Electr\u00f3nico: <\/span><\/strong><\/p>\n<p style=\"padding-left: 30px\"><span style=\"font-size: 18pt\"><a href=\"mailto:ayuntamientomunicipalvisabela@gmail.com\">ayuntamientomunicipalvisabela@gmail.com,<\/a><\/span><\/p>\n<p style=\"padding-left: 30px\"><span style=\"font-size: 18pt\"><a href=\"mailto:ayuntamientomunicipalvisabela@gmail.com\">\u00a0solanyi0809@cloud.com <\/a><\/span><\/p>\n<p style=\"padding-left: 30px\"><span style=\"font-size: 18pt\"><strong>Direcci\u00f3n:<\/strong>\u00a0 <\/span><\/p>\n<p style=\"padding-left: 30px\"><span style=\"font-size: 18pt\">Laguna Grande, Villa Isabela, Pto.Pta<\/span><\/p>\n","protected":false},"excerpt":{"rendered":"Responsable de Acceso a la Informaci\u00f3n (RAI) Solanyi S\u00e1nchez N\u00famero de Tel\u00e9fono: 809-589-7858\u00a0829-467-0721. Correo Electr\u00f3nico: ayuntamientomunicipalvisabela@gmail.com, \u00a0solanyi0809@cloud.com Direcci\u00f3n:\u00a0 Laguna Grande, Villa Isabela, Pto.Pta","protected":false},"author":3,"featured_media":0,"parent":0,"menu_order":0,"comment_status":"closed","ping_status":"closed","template":"","meta":[],"acf":[],"_links":{"self":[{"href":"https:\/\/ayuntamientovillaisabela.gob.do\/transparencia\/wp-json\/wp\/v2\/pages\/258"}],"collection":[{"href":"https:\/\/ayuntamientovillaisabela.gob.do\/transparencia\/wp-json\/wp\/v2\/pages"}],"about":[{"href":"https:\/\/ayuntamientovillaisabela.gob.do\/transparencia\/wp-json\/wp\/v2\/types\/page"}],"author":[{"embeddable":true,"href":"https:\/\/ayuntamientovillaisabela.gob.do\/transparencia\/wp-json\/wp\/v2\/users\/3"}],"replies":[{"embeddable":true,"href":"https:\/\/ayuntamientovillaisabela.gob.do\/transparencia\/wp-json\/wp\/v2\/comments?post=258"}],"version-history":[{"count":7,"href":"https:\/\/ayuntamientovillaisabela.gob.do\/transparencia\/wp-json\/wp\/v2\/pages\/258\/revisions"}],"predecessor-version":[{"id":590,"href":"https:\/\/ayuntamientovillaisabela.gob.do\/transparencia\/wp-json\/wp\/v2\/pages\/258\/revisions\/590"}],"wp:attachment":[{"href":"https:\/\/ayuntamientovillaisabela.gob.do\/transparencia\/wp-json\/wp\/v2\/media?parent=258"}],"curies":[{"name":"wp","href":"https:\/\/api.w.org\/{rel}","templated":true}]}}