{"id":78,"date":"2017-12-12T11:24:21","date_gmt":"2017-12-12T15:24:21","guid":{"rendered":"http:\/\/ayuntamiento.guineo\/transparencia\/?page_id=78"},"modified":"2021-09-07T23:40:33","modified_gmt":"2021-09-08T03:40:33","slug":"definicion-oaim-oficina-de-acceso-a-la-informacion-municipal","status":"publish","type":"page","link":"https:\/\/ayuntamientovillaisabela.gob.do\/transparencia\/responsable-de-acceso-a-la-informacion\/definicion-oaim-oficina-de-acceso-a-la-informacion-municipal\/","title":{"rendered":"Definici\u00f3n OAIM (Oficina de Acceso a la Informaci\u00f3n Municipal)"},"content":{"rendered":"<p style=\"text-align: justify\">La Oficina de Acceso a la Informaci\u00f3n (OAI), es un mandato de la Ley General de Libre Acceso a la Informaci\u00f3n P\u00fablica Ley 200-04 y el Decreto No. 130-05 que crea el reglamento de dicha ley, con el objetivo de apoyar a entidades y personas tanto p\u00fablicas como privadas mediante las informaciones solicitadas.<\/p>\n<h3><strong>Visi\u00f3n<\/strong><\/h3>\n<p>Ofrecer a los ciudadanos informaci\u00f3n completa, ver\u00e1s adecuada y oportuna con relaci\u00f3n a la funci\u00f3n de la instituci\u00f3n<\/p>\n<h3><strong>Misi\u00f3n<\/strong><\/h3>\n<p>Garantizar el acceso de los usuarios a la informaci\u00f3n sobre la gesti\u00f3n de la Armada de Rep\u00fablica Dominicana como una forma de validar la transparencia de la instituci\u00f3n.<\/p>\n<h3><strong>Definici\u00f3n RAI<\/strong><\/h3>\n<p>El representante de Acceso a la Informaci\u00f3n, es el responsable de tramitar y facilitar las informaciones requeridas y de ser el canal de comunicaci\u00f3n entre la instituci\u00f3n, ciudadanos y ciudadanas.<\/p>\n<h3><strong>Proceso de Solicitud de Informaci\u00f3n:<\/strong><\/h3>\n<ul>\n<li style=\"text-align: justify\">Completar el formulario de solicitud de informaci\u00f3n.<\/li>\n<li style=\"text-align: justify\">Se procede a la revisi\u00f3n de dicho documento con la finalidad de verificar que est\u00e1 debidamente completada(o).<\/li>\n<li style=\"text-align: justify\">Se hace entrega de acuse de recibo al solicitante.<\/li>\n<li style=\"text-align: justify\">Seg\u00fan la complejidad de la informaci\u00f3n, se asigna una fecha de entrega. En caso de no ser el Ayuntamiento de Villa Isabela la entidad competente para ofrecer la informaci\u00f3n requerida, dicha solicitud se refiere a la instituci\u00f3n correspondiente y se le informa al solicitante, el curso que ha tomado su solicitud y la instituci\u00f3n destinataria.<\/li>\n<li style=\"text-align: justify\">Seguimiento de la(s) solicitud(es) hasta confirmar que se ha suministrado la informaci\u00f3n.<\/li>\n<\/ul>\n<hr \/>\n<h3><span style=\"color: #0000ff\"><strong>Contacto Responsable de Acceso a la Informaci\u00f3n<\/strong><\/span><\/h3>\n<p style=\"padding-left: 30px\"><span style=\"font-size: 14pt\">Solanyi S\u00e1nchez<\/span><\/p>\n<p style=\"padding-left: 30px\"><span style=\"font-size: 14pt\"><strong>N\u00famero de Tel\u00e9fono: <\/strong><\/span><\/p>\n<p style=\"padding-left: 30px\"><span style=\"font-size: 14pt\">809-589-7858\u00a0829-467-0721.<\/span><\/p>\n<p style=\"padding-left: 30px\"><span style=\"font-size: 14pt\"><strong>Correo Electr\u00f3nico: <\/strong><\/span><\/p>\n<p style=\"padding-left: 30px\"><span style=\"font-size: 14pt\"><a href=\"mailto:ayuntamientomunicipalvisabela@gmail.com\">ayuntamientomunicipalvisabela@gmail.com,<\/a><\/span><\/p>\n<p style=\"padding-left: 30px\"><span style=\"font-size: 14pt\"><a href=\"mailto:ayuntamientomunicipalvisabela@gmail.com\">\u00a0solanyi0809@cloud.com <\/a><\/span><\/p>\n<p style=\"padding-left: 30px\"><span style=\"font-size: 14pt\"><strong>Direcci\u00f3n:<\/strong>\u00a0 <\/span><\/p>\n<p style=\"padding-left: 30px\"><span style=\"font-size: 14pt\">Laguna Grande, Villa Isabela, Pto.Pta<\/span><\/p>\n","protected":false},"excerpt":{"rendered":"La Oficina de Acceso a la Informaci\u00f3n (OAI), es un mandato de la Ley General de Libre Acceso a la Informaci\u00f3n P\u00fablica Ley 200-04 y el Decreto No. 130-05 que crea el reglamento de dicha ley, con el objetivo de apoyar a entidades y personas tanto p\u00fablicas como privadas mediante las informaciones solicitadas. Visi\u00f3n Ofrecer&#8230;","protected":false},"author":3,"featured_media":0,"parent":258,"menu_order":0,"comment_status":"closed","ping_status":"closed","template":"","meta":[],"acf":[],"_links":{"self":[{"href":"https:\/\/ayuntamientovillaisabela.gob.do\/transparencia\/wp-json\/wp\/v2\/pages\/78"}],"collection":[{"href":"https:\/\/ayuntamientovillaisabela.gob.do\/transparencia\/wp-json\/wp\/v2\/pages"}],"about":[{"href":"https:\/\/ayuntamientovillaisabela.gob.do\/transparencia\/wp-json\/wp\/v2\/types\/page"}],"author":[{"embeddable":true,"href":"https:\/\/ayuntamientovillaisabela.gob.do\/transparencia\/wp-json\/wp\/v2\/users\/3"}],"replies":[{"embeddable":true,"href":"https:\/\/ayuntamientovillaisabela.gob.do\/transparencia\/wp-json\/wp\/v2\/comments?post=78"}],"version-history":[{"count":8,"href":"https:\/\/ayuntamientovillaisabela.gob.do\/transparencia\/wp-json\/wp\/v2\/pages\/78\/revisions"}],"predecessor-version":[{"id":592,"href":"https:\/\/ayuntamientovillaisabela.gob.do\/transparencia\/wp-json\/wp\/v2\/pages\/78\/revisions\/592"}],"up":[{"embeddable":true,"href":"https:\/\/ayuntamientovillaisabela.gob.do\/transparencia\/wp-json\/wp\/v2\/pages\/258"}],"wp:attachment":[{"href":"https:\/\/ayuntamientovillaisabela.gob.do\/transparencia\/wp-json\/wp\/v2\/media?parent=78"}],"curies":[{"name":"wp","href":"https:\/\/api.w.org\/{rel}","templated":true}]}}